{"id":1672,"date":"2023-02-16T17:26:34","date_gmt":"2023-02-16T16:26:34","guid":{"rendered":"https:\/\/ccicgermany.com\/?page_id=1672"},"modified":"2023-09-19T15:06:19","modified_gmt":"2023-09-19T13:06:19","slug":"services","status":"publish","type":"page","link":"https:\/\/ccicgermany.com\/de\/services\/","title":{"rendered":"DIENSTLEISTUNGEN"},"content":{"rendered":"\t\t<div data-elementor-type=\"wp-page\" data-elementor-id=\"1672\" class=\"elementor elementor-1672 elementor-237\">\n\t\t\t\t\t\t<section class=\"elementor-section elementor-top-section elementor-element elementor-element-0164220 elementor-section-content-middle elementor-section-stretched elementor-section-boxed elementor-section-height-default elementor-section-height-default\" data-id=\"0164220\" data-element_type=\"section\" data-settings=\"{&quot;background_background&quot;:&quot;classic&quot;,&quot;stretch_section&quot;:&quot;section-stretched&quot;}\">\n\t\t\t\t\t\t<div class=\"elementor-container elementor-column-gap-default\">\n\t\t\t\t\t<div class=\"elementor-column elementor-col-100 elementor-top-column elementor-element elementor-element-4fd98d0\" data-id=\"4fd98d0\" data-element_type=\"column\">\n\t\t\t<div class=\"elementor-widget-wrap elementor-element-populated\">\n\t\t\t\t\t\t<div class=\"elementor-element elementor-element-1fe611b elementor-widget__width-inherit elementor-widget elementor-widget-accordion\" data-id=\"1fe611b\" data-element_type=\"widget\" data-widget_type=\"accordion.default\">\n\t\t\t\t<div class=\"elementor-widget-container\">\n\t\t\t<style>\/*! elementor - v3.23.0 - 05-08-2024 *\/\n.elementor-accordion{text-align:start}.elementor-accordion .elementor-accordion-item{border:1px solid #d5d8dc}.elementor-accordion .elementor-accordion-item+.elementor-accordion-item{border-top:none}.elementor-accordion .elementor-tab-title{margin:0;padding:15px 20px;font-weight:700;line-height:1;cursor:pointer;outline:none}.elementor-accordion .elementor-tab-title .elementor-accordion-icon{display:inline-block;width:1.5em}.elementor-accordion .elementor-tab-title .elementor-accordion-icon svg{width:1em;height:1em}.elementor-accordion .elementor-tab-title .elementor-accordion-icon.elementor-accordion-icon-right{float:right;text-align:right}.elementor-accordion .elementor-tab-title .elementor-accordion-icon.elementor-accordion-icon-left{float:left;text-align:left}.elementor-accordion .elementor-tab-title .elementor-accordion-icon .elementor-accordion-icon-closed{display:block}.elementor-accordion .elementor-tab-title .elementor-accordion-icon .elementor-accordion-icon-opened,.elementor-accordion .elementor-tab-title.elementor-active .elementor-accordion-icon-closed{display:none}.elementor-accordion .elementor-tab-title.elementor-active .elementor-accordion-icon-opened{display:block}.elementor-accordion .elementor-tab-content{display:none;padding:15px 20px;border-top:1px solid #d5d8dc}@media (max-width:767px){.elementor-accordion .elementor-tab-title{padding:12px 15px}.elementor-accordion .elementor-tab-title .elementor-accordion-icon{width:1.2em}.elementor-accordion .elementor-tab-content{padding:7px 15px}}.e-con-inner>.elementor-widget-accordion,.e-con>.elementor-widget-accordion{width:var(--container-widget-width);--flex-grow:var(--container-widget-flex-grow)}<\/style>\t\t<div class=\"elementor-accordion\">\n\t\t\t\t\t\t\t<div class=\"elementor-accordion-item\">\n\t\t\t\t\t<h4 id=\"elementor-tab-title-3341\" class=\"elementor-tab-title\" data-tab=\"1\" role=\"button\" aria-controls=\"elementor-tab-content-3341\" aria-expanded=\"false\">\n\t\t\t\t\t\t\t\t\t\t\t\t\t<span class=\"elementor-accordion-icon elementor-accordion-icon-left\" aria-hidden=\"true\">\n\t\t\t\t\t\t\t\t\t\t\t\t\t\t\t<span class=\"elementor-accordion-icon-closed\"><i class=\"fas fa-caret-down\"><\/i><\/span>\n\t\t\t\t\t\t\t\t<span class=\"elementor-accordion-icon-opened\"><i class=\"fas fa-caret-up\"><\/i><\/span>\n\t\t\t\t\t\t\t\t\t\t\t\t\t\t<\/span>\n\t\t\t\t\t\t\t\t\t\t\t\t<a class=\"elementor-accordion-title\" tabindex=\"0\">Inspektion und Vermessung<\/a>\n\t\t\t\t\t<\/h4>\n\t\t\t\t\t<div id=\"elementor-tab-content-3341\" class=\"elementor-tab-content elementor-clearfix\" data-tab=\"1\" role=\"region\" aria-labelledby=\"elementor-tab-title-3341\"><ul>\n<li style=\"list-style-type: none;\">\n<ul>\n<li>\n<h4><a href=\"https:\/\/ccicgermany.com\/de\/service\/quality-inspection\/\"><span style=\"color: #e07126;\">Qualit\u00e4tskontrolle<\/span><\/a><\/h4>\n<\/li>\n<li>\n<h4><a href=\"https:\/\/ccicgermany.com\/de\/service\/marine-survey\/\"><span style=\"color: #e07126;\">Meeresumfrage<\/span><\/a><\/h4>\n<\/li>\n<li>\n<h4><a href=\"https:\/\/ccicgermany.com\/de\/service\/insurance-surveyors-loss-adjusters\/\"><span style=\"color: #e07126;\">Versicherungssachverst\u00e4ndige und Schadensregulierer<\/span><\/a><\/h4>\n<\/li>\n<li>\n<h4><a href=\"https:\/\/ccicgermany.com\/de\/service\/second-hand-machine-pre-shipment-inspection\/\"><span style=\"color: #e07126;\">Second Hand Maschine vor Versand Inspektion<\/span><\/a><\/h4>\n<\/li>\n<li>\n<h4><a href=\"https:\/\/ccicgermany.com\/de\/service\/pre-shipment-inspection-of-recyclable-solid-waste\/\"><span style=\"color: #e07126;\">Kontrolle von wiederverwertbaren festen Abf\u00e4llen vor der Verbringung<\/span><\/a><\/h4>\n<\/li>\n<\/ul>\n<\/li>\n<\/ul>\n<\/div>\n\t\t\t\t<\/div>\n\t\t\t\t\t\t\t<div class=\"elementor-accordion-item\">\n\t\t\t\t\t<h4 id=\"elementor-tab-title-3342\" class=\"elementor-tab-title\" data-tab=\"2\" role=\"button\" aria-controls=\"elementor-tab-content-3342\" aria-expanded=\"false\">\n\t\t\t\t\t\t\t\t\t\t\t\t\t<span class=\"elementor-accordion-icon elementor-accordion-icon-left\" aria-hidden=\"true\">\n\t\t\t\t\t\t\t\t\t\t\t\t\t\t\t<span class=\"elementor-accordion-icon-closed\"><i class=\"fas fa-caret-down\"><\/i><\/span>\n\t\t\t\t\t\t\t\t<span class=\"elementor-accordion-icon-opened\"><i class=\"fas fa-caret-up\"><\/i><\/span>\n\t\t\t\t\t\t\t\t\t\t\t\t\t\t<\/span>\n\t\t\t\t\t\t\t\t\t\t\t\t<a class=\"elementor-accordion-title\" tabindex=\"0\">Zertifizierung<\/a>\n\t\t\t\t\t<\/h4>\n\t\t\t\t\t<div id=\"elementor-tab-content-3342\" class=\"elementor-tab-content elementor-clearfix\" data-tab=\"2\" role=\"region\" aria-labelledby=\"elementor-tab-title-3342\"><ul>\n<li style=\"list-style-type: none;\">\n<ul>\n<li>\n<h4><a href=\"https:\/\/ccicgermany.com\/de\/service\/ccc\/\"><span style=\"color: #e07126;\">CCC<\/span><\/a><\/h4>\n<\/li>\n<li>\n<h4><a href=\"https:\/\/ccicgermany.com\/de\/service\/voluntary-cqc-mark-certification\/\"><span style=\"color: #e07126;\">CQC-Zertifizierung<\/span><\/a><\/h4>\n<\/li>\n<li>\n<h4><a href=\"https:\/\/ccicgermany.com\/de\/service\/iso-14000\/\"><span style=\"color: #e07126;\">ISO 14000<\/span><\/a><\/h4>\n<\/li>\n<li>\n<h4><a href=\"https:\/\/ccicgermany.com\/de\/service\/iso-22000\/\"><span style=\"color: #e07126;\">ISO 22000<\/span><\/a><\/h4>\n<\/li>\n<li>\n<h4><a href=\"https:\/\/ccicgermany.com\/de\/service\/chinese-haccp-certification\/\"><span style=\"color: #e07126;\">Chinesische HACCP-Zertifizierung<\/span><\/a><\/h4>\n<\/li>\n<li>\n<h4><a href=\"https:\/\/ccicgermany.com\/de\/service\/bio-zertifizierung\/\"><span style=\"color: #e07126;\">Bio-Zertifizierung<\/span><\/a><\/h4>\n<\/li>\n<li>\n<h4><a href=\"https:\/\/ccicgermany.com\/de\/service\/china-gap-zertifizierung\/\"><span style=\"color: #e07126;\">China GAP<\/span><\/a><\/h4>\n<\/li>\n<li>\n<h4><a href=\"https:\/\/ccicgermany.com\/de\/service\/lebensmittelkontakt-produktsicherheit-zertifizierung\/\"><span style=\"color: #e07126;\">Lebensmittelkontakt Produktsicherheit Zertifizierung<\/span><\/a><\/h4>\n<\/li>\n<li>\n<h4><a href=\"https:\/\/ccicgermany.com\/de\/service\/glaubwuerdigkeitszertifizierung-fuer-unternehmen-aus-der-lebensmittelbranche-fec\/\"><span style=\"color: #e07126;\">Zertifizierung der Kreditw\u00fcrdigkeit von Lebensmittelunternehmen<\/span><\/a><\/h4>\n<\/li>\n<li>\n<h4><a href=\"https:\/\/ccicgermany.com\/de\/service\/herkunftslandzertifizierung\/\"><span style=\"color: #e07126;\">Zertifizierung der geografischen Herkunft<\/span><\/a><\/h4>\n<\/li>\n<li>\n<h4><a href=\"https:\/\/ccicgermany.com\/de\/service\/kinderfreundliche-zertifizierung\/\"><span style=\"color: #e07126;\">Kinderfreundliche Zertifizierung<\/span><\/a><\/h4>\n<\/li>\n<\/ul>\n<\/li>\n<\/ul>\n<\/div>\n\t\t\t\t<\/div>\n\t\t\t\t\t\t\t<div class=\"elementor-accordion-item\">\n\t\t\t\t\t<h4 id=\"elementor-tab-title-3343\" class=\"elementor-tab-title\" data-tab=\"3\" role=\"button\" aria-controls=\"elementor-tab-content-3343\" aria-expanded=\"false\">\n\t\t\t\t\t\t\t\t\t\t\t\t\t<span class=\"elementor-accordion-icon elementor-accordion-icon-left\" aria-hidden=\"true\">\n\t\t\t\t\t\t\t\t\t\t\t\t\t\t\t<span class=\"elementor-accordion-icon-closed\"><i class=\"fas fa-caret-down\"><\/i><\/span>\n\t\t\t\t\t\t\t\t<span class=\"elementor-accordion-icon-opened\"><i class=\"fas fa-caret-up\"><\/i><\/span>\n\t\t\t\t\t\t\t\t\t\t\t\t\t\t<\/span>\n\t\t\t\t\t\t\t\t\t\t\t\t<a class=\"elementor-accordion-title\" tabindex=\"0\">Internationaler Marktzugang<\/a>\n\t\t\t\t\t<\/h4>\n\t\t\t\t\t<div id=\"elementor-tab-content-3343\" class=\"elementor-tab-content elementor-clearfix\" data-tab=\"3\" role=\"region\" aria-labelledby=\"elementor-tab-title-3343\"><ul>\n<li style=\"list-style-type: none;\">\n<ul>\n<li>\n<h4><a href=\"https:\/\/ccicgermany.com\/de\/service\/chinesisch-marktzulassung-fuer-heimtierfutter-futtermittel-und-futtermittelzusatzstoffe\/\"><span style=\"color: #e07126;\">Chinesisch Marktzulassung f\u00fcr Heimtierfutter, Futtermittel und Futtermittelzusatzstoffe<\/span><\/a><\/h4>\n<\/li>\n<li>\n<h4><a href=\"https:\/\/ccicgermany.com\/de\/service\/chinesische-etiketten\/\"><span style=\"color: #e07126;\">Chinesische Etiketten<\/span><\/a><\/h4>\n<\/li>\n<li>\n<h4><a href=\"https:\/\/ccicgermany.com\/de\/service\/chinesisch-marktzulassung-fuer-kosmetikprodukte\/\"><span style=\"color: #e07126;\">Chinesisch Marktzulassung f\u00fcr Kosmetikprodukte<\/span><\/a><\/h4>\n<\/li>\n<li>\n<h4><a href=\"https:\/\/ccicgermany.com\/de\/service\/registration-consulting-for-overseas-food-producers\/\"><span style=\"color: #e07126;\">Registrierungsberatung f\u00fcr Lebensmittelhersteller in \u00dcbersee<\/span><\/a><\/h4>\n<\/li>\n<li>\n<h4><a href=\"https:\/\/ccicgermany.com\/de\/service\/beratung-fuer-die-registrierung-der-medizinischen-geraete-in-china\/\"><span style=\"color: #e07126;\">Beratung f\u00fcr die Registrierung der medizinischen Ger\u00e4te in China<\/span><\/a><\/h4>\n<\/li>\n<\/ul>\n<\/li>\n<\/ul>\n<\/div>\n\t\t\t\t<\/div>\n\t\t\t\t\t\t\t<div class=\"elementor-accordion-item\">\n\t\t\t\t\t<h4 id=\"elementor-tab-title-3344\" class=\"elementor-tab-title\" data-tab=\"4\" role=\"button\" aria-controls=\"elementor-tab-content-3344\" aria-expanded=\"false\">\n\t\t\t\t\t\t\t\t\t\t\t\t\t<span class=\"elementor-accordion-icon elementor-accordion-icon-left\" aria-hidden=\"true\">\n\t\t\t\t\t\t\t\t\t\t\t\t\t\t\t<span class=\"elementor-accordion-icon-closed\"><i class=\"fas fa-caret-down\"><\/i><\/span>\n\t\t\t\t\t\t\t\t<span class=\"elementor-accordion-icon-opened\"><i class=\"fas fa-caret-up\"><\/i><\/span>\n\t\t\t\t\t\t\t\t\t\t\t\t\t\t<\/span>\n\t\t\t\t\t\t\t\t\t\t\t\t<a class=\"elementor-accordion-title\" tabindex=\"0\">Mehr<\/a>\n\t\t\t\t\t<\/h4>\n\t\t\t\t\t<div id=\"elementor-tab-content-3344\" class=\"elementor-tab-content elementor-clearfix\" data-tab=\"4\" role=\"region\" aria-labelledby=\"elementor-tab-title-3344\"><ul>\n<li style=\"list-style-type: none;\">\n<ul>\n<li>\n<h4><a href=\"https:\/\/ccicgermany.com\/de\/service\/ausbildung-und-regierungsdienste\/\"><span style=\"color: #e07126;\">Ausbildung und Regierungsdienste<\/span><\/a><\/h4>\n<\/li>\n<li>\n<h4><a href=\"https:\/\/ccicgermany.com\/de\/service\/glaubwuerdigkeit-rueckverfolgbartkeit\/\"><span style=\"color: #e07126;\">Authentizit\u00e4t und R\u00fcckverfolgbarkeit<\/span><\/a><\/h4>\n<\/li>\n<li>\n<h4><a href=\"https:\/\/ccicgermany.com\/de\/service\/bewertung-der-produktkonformitaet\/\"><span style=\"color: #e07126;\">Bewertung der Produktkonformit\u00e4t<\/span><\/a><\/h4>\n<\/li>\n<\/ul>\n<\/li>\n<\/ul>\n<\/div>\n\t\t\t\t<\/div>\n\t\t\t\t\t\t\t\t<\/div>\n\t\t\t\t<\/div>\n\t\t\t\t<\/div>\n\t\t\t\t<div class=\"elementor-element elementor-element-1ffe857 elementor-widget elementor-widget-html\" data-id=\"1ffe857\" data-element_type=\"widget\" data-widget_type=\"html.default\">\n\t\t\t\t<div class=\"elementor-widget-container\">\n\t\t\t<script>document.addEventListener('DOMContentLoaded', function() {\nsetTimeout(function() {\n\njQuery(function($){\nlet accordiontitles = $('.elementor-accordion-item .elementor-tab-title');\n\nlet strings = ['?Inspection and Survey',\n'?Certification',\n'?International%20Market%20Access',\n'?Others'\n];\n\nstrings.forEach( (string,i) => {\nif (window.location.href.indexOf(string) > -1) {\naccordiontitles.eq(i).click();\n$('html, body').animate({\nscrollTop: accordiontitles.eq(i).offset().top - 100\n},'slow');\n} } );\n}); }, 1200); });\n<\/script>\t\t<\/div>\n\t\t\t\t<\/div>\n\t\t\t\t<div class=\"elementor-element elementor-element-69f612b elementor-widget elementor-widget-spacer\" data-id=\"69f612b\" data-element_type=\"widget\" data-widget_type=\"spacer.default\">\n\t\t\t\t<div class=\"elementor-widget-container\">\n\t\t\t<style>\/*! elementor - v3.23.0 - 05-08-2024 *\/\n.elementor-column .elementor-spacer-inner{height:var(--spacer-size)}.e-con{--container-widget-width:100%}.e-con-inner>.elementor-widget-spacer,.e-con>.elementor-widget-spacer{width:var(--container-widget-width,var(--spacer-size));--align-self:var(--container-widget-align-self,initial);--flex-shrink:0}.e-con-inner>.elementor-widget-spacer>.elementor-widget-container,.e-con>.elementor-widget-spacer>.elementor-widget-container{height:100%;width:100%}.e-con-inner>.elementor-widget-spacer>.elementor-widget-container>.elementor-spacer,.e-con>.elementor-widget-spacer>.elementor-widget-container>.elementor-spacer{height:100%}.e-con-inner>.elementor-widget-spacer>.elementor-widget-container>.elementor-spacer>.elementor-spacer-inner,.e-con>.elementor-widget-spacer>.elementor-widget-container>.elementor-spacer>.elementor-spacer-inner{height:var(--container-widget-height,var(--spacer-size))}.e-con-inner>.elementor-widget-spacer.elementor-widget-empty,.e-con>.elementor-widget-spacer.elementor-widget-empty{position:relative;min-height:22px;min-width:22px}.e-con-inner>.elementor-widget-spacer.elementor-widget-empty .elementor-widget-empty-icon,.e-con>.elementor-widget-spacer.elementor-widget-empty .elementor-widget-empty-icon{position:absolute;top:0;bottom:0;left:0;right:0;margin:auto;padding:0;width:22px;height:22px}<\/style>\t\t<div class=\"elementor-spacer\">\n\t\t\t<div class=\"elementor-spacer-inner\"><\/div>\n\t\t<\/div>\n\t\t\t\t<\/div>\n\t\t\t\t<\/div>\n\t\t\t\t\t<\/div>\n\t\t<\/div>\n\t\t\t\t\t<\/div>\n\t\t<\/section>\n\t\t\t\t<\/div>\n\t\t","protected":false},"excerpt":{"rendered":"<p>Inspektion und Vermessung Qualit\u00e4tskontrolle Meeresumfrage Versicherungssachverst\u00e4ndige und Schadensregulierer Second Hand Maschine vor Versand Inspektion Kontrolle von wiederverwertbaren festen Abf\u00e4llen vor der Verbringung Zertifizierung CCC CQC-Zertifizierung ISO<span class=\"excerpt-hellip\"> [\u2026]<\/span><\/p>\n","protected":false},"author":1,"featured_media":0,"parent":0,"menu_order":0,"comment_status":"closed","ping_status":"closed","template":"","meta":[],"_links":{"self":[{"href":"https:\/\/ccicgermany.com\/de\/wp-json\/wp\/v2\/pages\/1672"}],"collection":[{"href":"https:\/\/ccicgermany.com\/de\/wp-json\/wp\/v2\/pages"}],"about":[{"href":"https:\/\/ccicgermany.com\/de\/wp-json\/wp\/v2\/types\/page"}],"author":[{"embeddable":true,"href":"https:\/\/ccicgermany.com\/de\/wp-json\/wp\/v2\/users\/1"}],"replies":[{"embeddable":true,"href":"https:\/\/ccicgermany.com\/de\/wp-json\/wp\/v2\/comments?post=1672"}],"version-history":[{"count":34,"href":"https:\/\/ccicgermany.com\/de\/wp-json\/wp\/v2\/pages\/1672\/revisions"}],"predecessor-version":[{"id":2216,"href":"https:\/\/ccicgermany.com\/de\/wp-json\/wp\/v2\/pages\/1672\/revisions\/2216"}],"wp:attachment":[{"href":"https:\/\/ccicgermany.com\/de\/wp-json\/wp\/v2\/media?parent=1672"}],"curies":[{"name":"wp","href":"https:\/\/api.w.org\/{rel}","templated":true}]}}